{"id":123,"date":"2015-03-23T09:48:30","date_gmt":"2015-03-23T09:48:30","guid":{"rendered":"http:\/\/www.porinveneilijat.fi\/?page_id=123"},"modified":"2026-03-10T18:06:36","modified_gmt":"2026-03-10T16:06:36","slug":"tuotteet","status":"publish","type":"page","link":"https:\/\/www.porinveneilijat.fi\/?page_id=123","title":{"rendered":"Tuotteet"},"content":{"rendered":"\n<blockquote class=\"wp-block-quote is-layout-flow wp-block-quote-is-layout-flow\">\n<p>Voimme nyt tarjota yhteisty\u00f6ss\u00e4 Fiolan kanssa vaatteita Porin veneilij\u00f6iden logolla ja omalla nimell\u00e4si. Tutustu verkkokauppaan <a href=\"https:\/\/www.fiola.fi\/asiakaskauppa\/?a=300369\">t\u00e4st\u00e4<\/a>.<\/p>\n<\/blockquote>\n\n\n<div class=\"wp-block-image\">\n<figure class=\"aligncenter\"><a href=\"https:\/\/www.porinveneilijat.fi\/wp-content\/uploads\/2015\/03\/viiri.png\"><img loading=\"lazy\" decoding=\"async\" width=\"328\" height=\"184\" src=\"https:\/\/www.porinveneilijat.fi\/wp-content\/uploads\/2015\/03\/viiri.png\" alt=\"\" class=\"wp-image-61\" srcset=\"https:\/\/www.porinveneilijat.fi\/wp-content\/uploads\/2015\/03\/viiri.png 328w, https:\/\/www.porinveneilijat.fi\/wp-content\/uploads\/2015\/03\/viiri-300x168.png 300w\" sizes=\"auto, (max-width: 328px) 100vw, 328px\" \/><\/a><figcaption class=\"wp-element-caption\"><strong>Porin veneilij\u00e4t ry seura viiri<\/strong><br><strong>28.00\u20ac\/kpl<\/strong><\/figcaption><\/figure>\n<\/div>\n\n<div class=\"wp-block-image\">\n<figure class=\"aligncenter is-resized\"><a href=\"https:\/\/www.porinveneilijat.fi\/wp-content\/uploads\/2015\/03\/lippu.png\"><img loading=\"lazy\" decoding=\"async\" width=\"600\" height=\"418\" src=\"https:\/\/www.porinveneilijat.fi\/wp-content\/uploads\/2015\/03\/lippu.png\" alt=\"POVE lippu\" class=\"wp-image-41\" style=\"width:287px;height:200px\" srcset=\"https:\/\/www.porinveneilijat.fi\/wp-content\/uploads\/2015\/03\/lippu.png 600w, https:\/\/www.porinveneilijat.fi\/wp-content\/uploads\/2015\/03\/lippu-300x209.png 300w\" sizes=\"auto, (max-width: 600px) 100vw, 600px\" \/><\/a><figcaption class=\"wp-element-caption\"><strong>Porin veneilij\u00e4t Ry<\/strong><br><strong>seuralippu<\/strong> <strong>Iso: 35.00\u20ac\/kpl<\/strong><\/figcaption><\/figure>\n<\/div>\n\n<div class=\"wp-block-image\">\n<figure class=\"aligncenter\"><a href=\"https:\/\/www.porinveneilijat.fi\/wp-content\/uploads\/2015\/03\/lippis.png\"><img loading=\"lazy\" decoding=\"async\" width=\"210\" height=\"226\" src=\"https:\/\/www.porinveneilijat.fi\/wp-content\/uploads\/2015\/03\/lippis.png\" alt=\"POVE lippis\" class=\"wp-image-40\"\/><\/a><figcaption class=\"wp-element-caption\"><strong>Porin veneilij\u00e4t Ry Lippis<\/strong><br>Logo Brodeerattu<strong><br>10.00\u20ac\/kpl<\/strong><\/figcaption><\/figure>\n<\/div>\n\n<div class=\"wp-block-image\">\n<figure class=\"aligncenter\"><a href=\"https:\/\/www.porinveneilijat.fi\/wp-content\/uploads\/2015\/03\/pinssi1.png\"><img loading=\"lazy\" decoding=\"async\" width=\"123\" height=\"144\" src=\"https:\/\/www.porinveneilijat.fi\/wp-content\/uploads\/2015\/03\/pinssi1.png\" alt=\"POVE Pinssi\" class=\"wp-image-48\"\/><\/a><figcaption class=\"wp-element-caption\"><strong>Porin veneilij\u00e4t Ry pinssi<\/strong><br>Perinteinen neula kiinnitys <strong>2.50\u20ac\/kpl<\/strong><\/figcaption><\/figure>\n<\/div>\n\n\n<p><strong>Porin veneilij\u00e4t Ry tuotteet myy <a href=\"https:\/\/www.porinveneilijat.fi\/?page_id=137\">Veli-Matti Suonp\u00e4\u00e4<\/a><\/strong><\/p>\n\n\n\n<p><\/p>\n","protected":false},"excerpt":{"rendered":"<p>Voimme nyt tarjota yhteisty\u00f6ss\u00e4 Fiolan kanssa vaatteita Porin veneilij\u00f6iden logolla ja omalla nimell\u00e4si. Tutustu verkkokauppaan t\u00e4st\u00e4. Porin veneilij\u00e4t Ry tuotteet myy Veli-Matti Suonp\u00e4\u00e4<\/p>\n","protected":false},"author":1,"featured_media":0,"parent":0,"menu_order":4,"comment_status":"closed","ping_status":"open","template":"","meta":{"footnotes":""},"class_list":["post-123","page","type-page","status-publish","hentry"],"_links":{"self":[{"href":"https:\/\/www.porinveneilijat.fi\/index.php?rest_route=\/wp\/v2\/pages\/123","targetHints":{"allow":["GET"]}}],"collection":[{"href":"https:\/\/www.porinveneilijat.fi\/index.php?rest_route=\/wp\/v2\/pages"}],"about":[{"href":"https:\/\/www.porinveneilijat.fi\/index.php?rest_route=\/wp\/v2\/types\/page"}],"author":[{"embeddable":true,"href":"https:\/\/www.porinveneilijat.fi\/index.php?rest_route=\/wp\/v2\/users\/1"}],"replies":[{"embeddable":true,"href":"https:\/\/www.porinveneilijat.fi\/index.php?rest_route=%2Fwp%2Fv2%2Fcomments&post=123"}],"version-history":[{"count":11,"href":"https:\/\/www.porinveneilijat.fi\/index.php?rest_route=\/wp\/v2\/pages\/123\/revisions"}],"predecessor-version":[{"id":873,"href":"https:\/\/www.porinveneilijat.fi\/index.php?rest_route=\/wp\/v2\/pages\/123\/revisions\/873"}],"wp:attachment":[{"href":"https:\/\/www.porinveneilijat.fi\/index.php?rest_route=%2Fwp%2Fv2%2Fmedia&parent=123"}],"curies":[{"name":"wp","href":"https:\/\/api.w.org\/{rel}","templated":true}]}}