{"id":119,"date":"2015-03-23T09:41:28","date_gmt":"2015-03-23T09:41:28","guid":{"rendered":"http:\/\/www.porinveneilijat.fi\/?page_id=119"},"modified":"2026-04-19T19:43:18","modified_gmt":"2026-04-19T16:43:18","slug":"merikappeli","status":"publish","type":"page","link":"https:\/\/www.porinveneilijat.fi\/?page_id=119","title":{"rendered":"Merikappeli"},"content":{"rendered":"<p><a href=\"https:\/\/www.porinveneilijat.fi\/wp-content\/uploads\/2017\/05\/Kappeli.jpg\"><img loading=\"lazy\" decoding=\"async\" class=\"alignleft wp-image-508\" src=\"https:\/\/www.porinveneilijat.fi\/wp-content\/uploads\/2017\/05\/Kappeli-1024x659.jpg\" alt=\"Kappelin venelaituri\" width=\"600\" height=\"386\" srcset=\"https:\/\/www.porinveneilijat.fi\/wp-content\/uploads\/2017\/05\/Kappeli-1024x659.jpg 1024w, https:\/\/www.porinveneilijat.fi\/wp-content\/uploads\/2017\/05\/Kappeli-300x193.jpg 300w, https:\/\/www.porinveneilijat.fi\/wp-content\/uploads\/2017\/05\/Kappeli-768x494.jpg 768w, https:\/\/www.porinveneilijat.fi\/wp-content\/uploads\/2017\/05\/Kappeli-280x180.jpg 280w\" sizes=\"auto, (max-width: 600px) 100vw, 600px\" \/><\/a><\/p>\n<h2><strong>Satamamestari<\/strong><\/h2>\n<p><strong>Ville Gr\u00f6nroos<\/strong><\/p>\n<ul>\n<li>Satamamestarilta voi tiedustella vapaita laituripaikkoja ja traileripaikkoja.<\/li>\n<li>Paikkamaksut l\u00f6ytyv\u00e4t <a href=\"https:\/\/www.porinveneilijat.fi\/?page_id=121\">j\u00e4senyys sivulta<\/a><\/li>\n<li>Yhteystiedot l\u00f6ytyv\u00e4t\u00a0<a href=\"https:\/\/www.porinveneilijat.fi\/?page_id=137\">Yhteystiedot sivulta<\/a><\/li>\n<\/ul>\n<div style=\"clear: both;\">\u00a0<\/div>\n<h2 style=\"text-align: center;\">Laituripaikat<\/h2>\n<div id=\"attachment_204\" style=\"width: 870px\" class=\"wp-caption alignnone\"><a href=\"https:\/\/www.porinveneilijat.fi\/wp-content\/uploads\/2015\/03\/laiturikartta2.png\"><img loading=\"lazy\" decoding=\"async\" aria-describedby=\"caption-attachment-204\" class=\"wp-image-204 size-full\" src=\"https:\/\/www.porinveneilijat.fi\/wp-content\/uploads\/2015\/03\/laiturikartta2.png\" alt=\"\" width=\"860\" height=\"471\" srcset=\"https:\/\/www.porinveneilijat.fi\/wp-content\/uploads\/2015\/03\/laiturikartta2.png 860w, https:\/\/www.porinveneilijat.fi\/wp-content\/uploads\/2015\/03\/laiturikartta2-300x164.png 300w\" sizes=\"auto, (max-width: 860px) 100vw, 860px\" \/><\/a><p id=\"caption-attachment-204\" class=\"wp-caption-text\">Laiturikartta<\/p><\/div>\n<p><strong>Vapaat paikat:\u00a0 11, 13, 15, 18, 20, 21, 36<\/strong><\/p>\n<h2 style=\"text-align: center;\">Traileripaikat<\/h2>\n<p>Kappelissa on varattu trailereille kaksi aluetta, joihin mahtuu nelj\u00e4 traileria kumpaankin. Tilan puutteen vuoksi trailereita ei saa s\u00e4ilytt\u00e4\u00e4 muualla kappelin alueella.<\/p>\n<p><a href=\"https:\/\/www.porinveneilijat.fi\/wp-content\/uploads\/2023\/05\/Traileripaikat.jpg\"><img loading=\"lazy\" decoding=\"async\" class=\"alignnone size-large wp-image-782\" src=\"https:\/\/www.porinveneilijat.fi\/wp-content\/uploads\/2023\/05\/Traileripaikat-1024x661.jpg\" alt=\"Traileripaikat\" width=\"918\" height=\"593\" srcset=\"https:\/\/www.porinveneilijat.fi\/wp-content\/uploads\/2023\/05\/Traileripaikat-1024x661.jpg 1024w, https:\/\/www.porinveneilijat.fi\/wp-content\/uploads\/2023\/05\/Traileripaikat-300x194.jpg 300w, https:\/\/www.porinveneilijat.fi\/wp-content\/uploads\/2023\/05\/Traileripaikat-768x496.jpg 768w, https:\/\/www.porinveneilijat.fi\/wp-content\/uploads\/2023\/05\/Traileripaikat-1536x991.jpg 1536w, https:\/\/www.porinveneilijat.fi\/wp-content\/uploads\/2023\/05\/Traileripaikat-280x180.jpg 280w, https:\/\/www.porinveneilijat.fi\/wp-content\/uploads\/2023\/05\/Traileripaikat.jpg 1553w\" sizes=\"auto, (max-width: 918px) 100vw, 918px\" \/><\/a>\u00a0 \u00a0<\/p>\n\n\n<p><\/p>\n","protected":false},"excerpt":{"rendered":"<p>Satamamestari Ville Gr\u00f6nroos Satamamestarilta voi tiedustella vapaita laituripaikkoja ja traileripaikkoja. Paikkamaksut l\u00f6ytyv\u00e4t j\u00e4senyys sivulta Yhteystiedot l\u00f6ytyv\u00e4t\u00a0Yhteystiedot sivulta \u00a0 Laituripaikat Vapaat paikat:\u00a0 11, 13, 15, 18, 20, 21, 36 Traileripaikat Kappelissa on varattu trailereille kaksi aluetta, joihin mahtuu nelj\u00e4 traileria kumpaankin. Tilan puutteen vuoksi trailereita ei saa s\u00e4ilytt\u00e4\u00e4 muualla kappelin alueella. \u00a0 \u00a0<\/p>\n","protected":false},"author":1,"featured_media":0,"parent":0,"menu_order":2,"comment_status":"closed","ping_status":"open","template":"","meta":{"footnotes":""},"class_list":["post-119","page","type-page","status-publish","hentry"],"_links":{"self":[{"href":"https:\/\/www.porinveneilijat.fi\/index.php?rest_route=\/wp\/v2\/pages\/119","targetHints":{"allow":["GET"]}}],"collection":[{"href":"https:\/\/www.porinveneilijat.fi\/index.php?rest_route=\/wp\/v2\/pages"}],"about":[{"href":"https:\/\/www.porinveneilijat.fi\/index.php?rest_route=\/wp\/v2\/types\/page"}],"author":[{"embeddable":true,"href":"https:\/\/www.porinveneilijat.fi\/index.php?rest_route=\/wp\/v2\/users\/1"}],"replies":[{"embeddable":true,"href":"https:\/\/www.porinveneilijat.fi\/index.php?rest_route=%2Fwp%2Fv2%2Fcomments&post=119"}],"version-history":[{"count":95,"href":"https:\/\/www.porinveneilijat.fi\/index.php?rest_route=\/wp\/v2\/pages\/119\/revisions"}],"predecessor-version":[{"id":876,"href":"https:\/\/www.porinveneilijat.fi\/index.php?rest_route=\/wp\/v2\/pages\/119\/revisions\/876"}],"wp:attachment":[{"href":"https:\/\/www.porinveneilijat.fi\/index.php?rest_route=%2Fwp%2Fv2%2Fmedia&parent=119"}],"curies":[{"name":"wp","href":"https:\/\/api.w.org\/{rel}","templated":true}]}}