{"id":117,"date":"2015-03-23T09:39:27","date_gmt":"2015-03-23T09:39:27","guid":{"rendered":"http:\/\/www.porinveneilijat.fi\/?page_id=117"},"modified":"2015-03-23T12:31:05","modified_gmt":"2015-03-23T12:31:05","slug":"liputusohjeet","status":"publish","type":"page","link":"https:\/\/www.porinveneilijat.fi\/?page_id=117","title":{"rendered":"Liputusohjeet"},"content":{"rendered":"<h2><strong>Liputus ohjeet &amp; S\u00e4\u00e4nn\u00f6t<\/strong><\/h2>\n<p>&nbsp;<\/p>\n<div class=\"csRow\">\n<div class=\"csColumnGap\" style=\"margin: 0px; padding: 0px; float: left; width: 1.56%;\"><img decoding=\"async\" style=\"border: none;\" src=\"wp-content\/plugins\/advanced-wp-columns\/assets\/js\/plugins\/views\/img\/1x1-pixel.png\" alt=\"\" \/><\/div>\n<div class=\"csColumn\" style=\"margin: 0px; padding: 0px; float: left; width: 47.7%;\" data-csstartpoint=\"15\" data-csendpoint=\"472.5\" data-cswidth=\"47.7%\" data-csid=\"47bbc61d-c8c1-ee49-85c4-8a144960eaba\">\n<h3><strong>Liput Ja Viirit Veneess\u00e4<\/strong><\/h3>\n<p><a href=\"https:\/\/www.porinveneilijat.fi\/wp-content\/uploads\/2015\/03\/lippu.png\"><img loading=\"lazy\" decoding=\"async\" class=\"  alignnone wp-image-41\" src=\"https:\/\/www.porinveneilijat.fi\/wp-content\/uploads\/2015\/03\/lippu-300x209.png\" alt=\"POVE lippu\" width=\"100\" height=\"70\" srcset=\"https:\/\/www.porinveneilijat.fi\/wp-content\/uploads\/2015\/03\/lippu-300x209.png 300w, https:\/\/www.porinveneilijat.fi\/wp-content\/uploads\/2015\/03\/lippu.png 600w\" sizes=\"auto, (max-width: 100px) 100vw, 100px\" \/><\/a><br \/>\nYleisten liputusohjeiden mukaisesti lippu nostetaan klo 8.00 ja lasketaan viimeist\u00e4\u00e4n klo 21.00. Poikkeuksena on juhannus,jolloin liputus alkaa juhannusaattona klo 18.00. ja p\u00e4\u00e4ttyy juhannusp\u00e4iv\u00e4n\u00e4 klo 21.00.<\/p>\n<h3><strong>Osoita Lipulle Kunniaa<\/strong><\/h3>\n<p>Nosta ja laske lippu rauhallisesti. Hyv\u00e4 veneilytapa vaatii ett\u00e4 veneess\u00e4 t\u00e4ll\u00f6in hiljaisuus.Lippu on pidett\u00e4v\u00e4 puhtaana ja ehj\u00e4n\u00e4 Huvialus pit\u00e4\u00e4 kulussa olessaan per\u00e4lippua nostettuna vuorokauden ajasta riippumatta. miehitetty huvialus noudattaa maihin tai poijuun kiinnitettyn\u00e4 tai ankkurissa olessaan yleist\u00e4 liputus ohjetta. Kilpaileva vene ei nosta per\u00e4lippua ellei kilpailuohjeissa toisin m\u00e4\u00e4r\u00e4t\u00e4. Kun kilpailu on p\u00e4\u00e4ttynyt tai keskeytetty per\u00e4lippu on nostettava v\u00e4litt\u00f6m\u00e4sti.<\/p>\n<h3><strong>Lipun Paikka Ja Koko<\/strong><\/h3>\n<p>Per\u00e4lippua pidet\u00e4\u00e4n ensisijaisesti veneen per\u00e4ss\u00e4 lipputangossa. Lipun kooksi ja lipputangon mitaksi suositellaan seuraavaa:<\/p>\n<table style=\"height: 156px;\" width=\"352\">\n<tbody>\n<tr>\n<td><strong>Pituus<\/strong><\/td>\n<td><strong>Lipunkoko<\/strong><\/td>\n<td><strong>Salko<\/strong><\/td>\n<\/tr>\n<tr>\n<td>alle 7m<\/td>\n<td>72X44cm<\/td>\n<td>95cm<\/td>\n<\/tr>\n<tr>\n<td>7-12m<\/td>\n<td>90x55cm<\/td>\n<td>115cm<\/td>\n<\/tr>\n<tr>\n<td>yli 12m<\/td>\n<td>108x66cm<\/td>\n<td>140cm<\/td>\n<\/tr>\n<\/tbody>\n<\/table>\n<p>Lipputangon tulisi olla kallistettuna per\u00e4\u00e4np\u00e4in noin 10-15 astetta ja siten sijoitettu ettei:<\/p>\n<ul>\n<li>Lippu kosketa kanteen tai veteen.<\/li>\n<li>Lippu ei h\u00e4iritse kulkuvalojen n\u00e4kymist\u00e4.<\/li>\n<\/ul>\n<p>Pieniss\u00e4 veneiss\u00e4 kuten jollat ei k\u00e4ytet\u00e4 yleens\u00e4 lippua.<\/p>\n<\/div>\n<div class=\"csColumnGap\" style=\"margin: 0px; padding: 0px; float: left; width: 1.56%;\"><img decoding=\"async\" style=\"border: none;\" src=\"wp-content\/plugins\/advanced-wp-columns\/assets\/js\/plugins\/views\/img\/1x1-pixel.png\" alt=\"\" \/><\/div>\n<div class=\"csColumn\" style=\"margin: 0px; padding: 0px; float: left; width: 47.7%;\" data-csstartpoint=\"487.5\" data-csendpoint=\"945\" data-cswidth=\"47.7%\" data-csid=\"4a2aa8a9-a934-7d18-9a11-29667cdb1c8f\">\n<h3><strong>Viirienk\u00e4ytt\u00f6<\/strong><\/h3>\n<p><a href=\"https:\/\/www.porinveneilijat.fi\/wp-content\/uploads\/2015\/03\/viiri.png\"><img loading=\"lazy\" decoding=\"async\" class=\"alignnone wp-image-61\" src=\"https:\/\/www.porinveneilijat.fi\/wp-content\/uploads\/2015\/03\/viiri-300x168.png\" alt=\"\" width=\"100\" height=\"56\" srcset=\"https:\/\/www.porinveneilijat.fi\/wp-content\/uploads\/2015\/03\/viiri-300x168.png 300w, https:\/\/www.porinveneilijat.fi\/wp-content\/uploads\/2015\/03\/viiri.png 328w\" sizes=\"auto, (max-width: 100px) 100vw, 100px\" \/><\/a>P\u00e4\u00e4likk\u00f6viirin saa nostaa veneeseen jonka p\u00e4\u00e4likk\u00f6 on ao. viirin k\u00e4ytt\u00f6\u00f6n oikeutettu henkil\u00f6. Viirin saa pit\u00e4\u00e4 nostettuna purjehduskauden alusta loppuun saakka kaikkina vuorokauden aikoina sek\u00e4 satamassa ett\u00e4 kulussa oltaessa. Ns.laivurinviiri\u00e4 saa k\u00e4ytt\u00e4\u00e4 vain merenkulkuopin tutkinon suorittanut. P\u00e4tevyysviiri pidet\u00e4\u00e4n nostettuna jatkuvasti. Viirit eiv\u00e4t saa h\u00e4irit\u00e4 kulkuvalojen n\u00e4kymist\u00e4.<\/p>\n<h3><strong>Lippujen Ja Viirien Arvoj\u00e4rjesty<\/strong><\/h3>\n<p>Per\u00e4lipun lis\u00e4ksi k\u00e4ytett\u00e4vien lippujen ja viirien arvoj\u00e4rjestys on seuraava:<\/p>\n<ol>\n<li>Vieraan maan lippu<\/li>\n<li>Per\u00e4lipusta muutetut erityiset liput ja viirit<\/li>\n<li>Valtakunnallisten veneilyn keskusliittojen viirit<\/li>\n<li>Valtakunnallisten veneily-yhdistysten viirit<\/li>\n<li>Paikallisen veneily yhdistyksen viirit<\/li>\n<li>Palkintoviirit<\/li>\n<li>P\u00e4tevyysviirit<\/li>\n<li>Ep\u00e4viralliset henkil\u00f6,vene tai varustamoviirit yms.<\/li>\n<\/ol>\n<p>Liput ja viirit sijoitetaan arvoj\u00e4rjestykseen seuraavasti:<\/p>\n<ul>\n<li>Arvokkain lippu tai viiri v\u00e4litt\u00f6m\u00e4sti oikeanpuoleisen saalingin alle tai vastaavaan paikkaan.<\/li>\n<li>Muut liput ja viirit arvoj\u00e4rjestykseen edellisen alle tai rinnakkain edellisen maston v\u00e4liin tai mik\u00e4li mahdollista, vasemmanpuoleisen saalingin alle tai vastaavaan paikkaan.<\/li>\n<\/ul>\n<\/div>\n<\/div>\n","protected":false},"excerpt":{"rendered":"<p>Liputus ohjeet &amp; S\u00e4\u00e4nn\u00f6t &nbsp; Liput Ja Viirit Veneess\u00e4 Yleisten liputusohjeiden mukaisesti lippu nostetaan klo 8.00 ja lasketaan viimeist\u00e4\u00e4n klo 21.00. Poikkeuksena on juhannus,jolloin liputus alkaa juhannusaattona klo 18.00. ja p\u00e4\u00e4ttyy juhannusp\u00e4iv\u00e4n\u00e4 klo 21.00. Osoita Lipulle Kunniaa Nosta ja laske lippu rauhallisesti. Hyv\u00e4 veneilytapa vaatii ett\u00e4 veneess\u00e4 t\u00e4ll\u00f6in hiljaisuus.Lippu on pidett\u00e4v\u00e4 puhtaana ja ehj\u00e4n\u00e4 Huvialus [&hellip;]<\/p>\n","protected":false},"author":1,"featured_media":0,"parent":107,"menu_order":0,"comment_status":"closed","ping_status":"open","template":"","meta":{"footnotes":""},"class_list":["post-117","page","type-page","status-publish","hentry"],"_links":{"self":[{"href":"https:\/\/www.porinveneilijat.fi\/index.php?rest_route=\/wp\/v2\/pages\/117","targetHints":{"allow":["GET"]}}],"collection":[{"href":"https:\/\/www.porinveneilijat.fi\/index.php?rest_route=\/wp\/v2\/pages"}],"about":[{"href":"https:\/\/www.porinveneilijat.fi\/index.php?rest_route=\/wp\/v2\/types\/page"}],"author":[{"embeddable":true,"href":"https:\/\/www.porinveneilijat.fi\/index.php?rest_route=\/wp\/v2\/users\/1"}],"replies":[{"embeddable":true,"href":"https:\/\/www.porinveneilijat.fi\/index.php?rest_route=%2Fwp%2Fv2%2Fcomments&post=117"}],"version-history":[{"count":2,"href":"https:\/\/www.porinveneilijat.fi\/index.php?rest_route=\/wp\/v2\/pages\/117\/revisions"}],"predecessor-version":[{"id":159,"href":"https:\/\/www.porinveneilijat.fi\/index.php?rest_route=\/wp\/v2\/pages\/117\/revisions\/159"}],"up":[{"embeddable":true,"href":"https:\/\/www.porinveneilijat.fi\/index.php?rest_route=\/wp\/v2\/pages\/107"}],"wp:attachment":[{"href":"https:\/\/www.porinveneilijat.fi\/index.php?rest_route=%2Fwp%2Fv2%2Fmedia&parent=117"}],"curies":[{"name":"wp","href":"https:\/\/api.w.org\/{rel}","templated":true}]}}