{"id":115,"date":"2015-03-23T09:37:05","date_gmt":"2015-03-23T09:37:05","guid":{"rendered":"http:\/\/www.porinveneilijat.fi\/?page_id=115"},"modified":"2015-03-23T09:37:05","modified_gmt":"2015-03-23T09:37:05","slug":"yleiset-ohjeet","status":"publish","type":"page","link":"https:\/\/www.porinveneilijat.fi\/?page_id=115","title":{"rendered":"Yleiset ohjeet"},"content":{"rendered":"<h3><strong>J\u00e4rjestyss\u00e4\u00e4nn\u00f6t<\/strong><\/h3>\n<ul>\n<li>Y\u00f6rauha 23.00-07.00 laitureilla ja niiden l\u00e4heisyydess\u00e4<\/li>\n<li>Lemmikkiel\u00e4imet pidett\u00e4v\u00e4 kytkettyin\u00e4<\/li>\n<li>Moottorin tyhj\u00e4k\u00e4ynti kielletty (seura vuokraa laturia pient\u00e4 maksua vastaa tarvittaessa)<\/li>\n<li>Alkoholin julkinen k\u00e4ytt\u00f6 kielletty<\/li>\n<li>Jokainen siivoaa j\u00e4lkens\u00e4 saunalta, grillilt\u00e4 sek\u00e4 muualta saaresta<\/li>\n<li>Koska naisetkin jaksavat k\u00e4vell\u00e4 vessaan niin eik\u00f6h\u00e4n miehetkin k\u00e4velisi sinne asti<\/li>\n<li>Kalastajien korjattava kalastustarvikkeet sek\u00e4 perkuuj\u00e4tteet pois laiturien l\u00e4heisyydest\u00e4<\/li>\n<li>Kohtele muita veneilij\u00f6it\u00e4 samoin kuin haluaisit itse\u00e4si kohdeltavan<\/li>\n<\/ul>\n<h3><strong>Grillik\u00e4yt\u00f6s<\/strong><\/h3>\n<ul>\n<li>Jokainen pilkkoo omat grillipuut<\/li>\n<li>Sovi yhteisesti muiden kanssa milloin on sopiva hetki lis\u00e4t\u00e4 puita grilliin<\/li>\n<li>Saunank\u00e4ytt\u00f6<\/li>\n<li>Vain makeaa vett\u00e4 kiukaalle!<\/li>\n<li>Omat pesuaineet<\/li>\n<li>On fiksua ett\u00e4 jokainen saunan k\u00e4ytt\u00e4j\u00e4 halkoo pes\u00e4llisen l\u00e4mmityspuita (Puita ja kirves saunan vieress\u00e4)<\/li>\n<\/ul>\n<h3><strong>Maas\u00e4hk\u00f6nk\u00e4ytt\u00f6<\/strong><\/h3>\n<p>Seuralla on saaressa maas\u00e4hk\u00f6t joka on kytketty kaikkiin rakennuksiin ja laitureihin. Pime\u00e4\u00e4n aikaan k\u00e4yt\u00e4v\u00e4t ovat valaistuja. Kaikilla saaressa vierailevilla on mahdollisuus k\u00e4ytt\u00e4\u00e4 s\u00e4hk\u00f6\u00e4 vuorokausi maksua vastaan. Omat j\u00e4senet voivat hankkia vuosikortin tai maksaa vuorokausi maksua. Veneisiin siirretty s\u00e4hk\u00f6 ei miss\u00e4\u00e4n tapauksessa ole tarkoitettu l\u00e4mmitykseen eik\u00e4 mihink\u00e4\u00e4n sellaiseen, jossa s\u00e4hk\u00f6nkulutus olisi kohtuutonta. Yleisohje on ett\u00e4 kaikilla on laillinen maas\u00e4hk\u00f6j\u00e4rjestelm\u00e4 jossa vikavirtasuoja, p\u00e4\u00e4s\u00e4\u00e4nt\u00f6isesti s\u00e4hk\u00f6 johdetaan aina laturin kautta akkuihin ja sielt\u00e4 veneen k\u00e4ytt\u00f6j\u00e4rjestelm\u00e4\u00e4n. Poikkeus on sallittu lyhyt aikainen veden ja kahvin keitto suoralla s\u00e4hk\u00f6ll\u00e4.<\/p>\n","protected":false},"excerpt":{"rendered":"<p>J\u00e4rjestyss\u00e4\u00e4nn\u00f6t Y\u00f6rauha 23.00-07.00 laitureilla ja niiden l\u00e4heisyydess\u00e4 Lemmikkiel\u00e4imet pidett\u00e4v\u00e4 kytkettyin\u00e4 Moottorin tyhj\u00e4k\u00e4ynti kielletty (seura vuokraa laturia pient\u00e4 maksua vastaa tarvittaessa) Alkoholin julkinen k\u00e4ytt\u00f6 kielletty Jokainen siivoaa j\u00e4lkens\u00e4 saunalta, grillilt\u00e4 sek\u00e4 muualta saaresta Koska naisetkin jaksavat k\u00e4vell\u00e4 vessaan niin eik\u00f6h\u00e4n miehetkin k\u00e4velisi sinne asti Kalastajien korjattava kalastustarvikkeet sek\u00e4 perkuuj\u00e4tteet pois laiturien l\u00e4heisyydest\u00e4 Kohtele muita veneilij\u00f6it\u00e4 samoin [&hellip;]<\/p>\n","protected":false},"author":1,"featured_media":0,"parent":107,"menu_order":0,"comment_status":"closed","ping_status":"open","template":"","meta":{"footnotes":""},"class_list":["post-115","page","type-page","status-publish","hentry"],"_links":{"self":[{"href":"https:\/\/www.porinveneilijat.fi\/index.php?rest_route=\/wp\/v2\/pages\/115","targetHints":{"allow":["GET"]}}],"collection":[{"href":"https:\/\/www.porinveneilijat.fi\/index.php?rest_route=\/wp\/v2\/pages"}],"about":[{"href":"https:\/\/www.porinveneilijat.fi\/index.php?rest_route=\/wp\/v2\/types\/page"}],"author":[{"embeddable":true,"href":"https:\/\/www.porinveneilijat.fi\/index.php?rest_route=\/wp\/v2\/users\/1"}],"replies":[{"embeddable":true,"href":"https:\/\/www.porinveneilijat.fi\/index.php?rest_route=%2Fwp%2Fv2%2Fcomments&post=115"}],"version-history":[{"count":1,"href":"https:\/\/www.porinveneilijat.fi\/index.php?rest_route=\/wp\/v2\/pages\/115\/revisions"}],"predecessor-version":[{"id":116,"href":"https:\/\/www.porinveneilijat.fi\/index.php?rest_route=\/wp\/v2\/pages\/115\/revisions\/116"}],"up":[{"embeddable":true,"href":"https:\/\/www.porinveneilijat.fi\/index.php?rest_route=\/wp\/v2\/pages\/107"}],"wp:attachment":[{"href":"https:\/\/www.porinveneilijat.fi\/index.php?rest_route=%2Fwp%2Fv2%2Fmedia&parent=115"}],"curies":[{"name":"wp","href":"https:\/\/api.w.org\/{rel}","templated":true}]}}