{"id":104,"date":"2015-03-22T12:19:34","date_gmt":"2015-03-22T12:19:34","guid":{"rendered":"http:\/\/www.porinveneilijat.fi\/?page_id=104"},"modified":"2026-01-14T20:34:28","modified_gmt":"2026-01-14T18:34:28","slug":"etusivu","status":"publish","type":"page","link":"https:\/\/www.porinveneilijat.fi\/","title":{"rendered":"Etusivu"},"content":{"rendered":"<h2>TIEDOTTEITA<\/h2>\n<p><a href=\"\/wp-content\/uploads\/2026\/01\/Toimintakalenteri-2026.pdf\">Toimintakalenteri 2026<\/a><\/p>\n<p><a href=\"\/wp-content\/uploads\/2026\/01\/Talvitiedote-2026.pdf\">Talvitiedote 2026<\/a><\/p>\n<div dir=\"auto\">\n<p>Huomioikaa muutos toimintakalenterissa Gummandooran veneseurojen yhteistapaamisen p\u00e4iv\u00e4m\u00e4\u00e4r\u00e4ss\u00e4.<\/p>\n<p>Lippuja ja viirej\u00e4 voit kysell\u00e4 Jarmo Tuomiselta, muita j\u00e4sentuotteita voit ostaa <a href=\"https:\/\/www.fiola.fi\/asiakaskauppa\/?a=300369\">Fiolan verkkokaupasta<\/a>.<\/p>\n<p><span style=\"font-size: revert; color: initial;\">Tervetuloa Porin veneilij\u00f6iden kotisivuille. Olemme Porissa toimiva TUL:n alainen veneilyseura. <\/span><a style=\"font-size: revert;\" href=\"https:\/\/www.porinveneilijat.fi\/?page_id=107\">Katso video Huhtakarista<\/a><span style=\"font-size: revert; color: initial;\">.<\/span><\/p>\n<\/div>\n<p>Seuramme palveluita<\/p>\n<ul>\n<li>Satamalaituri Reposaaressa Kappelin salmessa.<\/li>\n<li>Veneiden katsastus<\/li>\n<li>Tukikohta saaressa, jossa\n<ul>\n<li>Sauna<\/li>\n<li>Katetut Grillit<\/li>\n<li>Maas\u00e4hk\u00f6<\/li>\n<li>K\u00e4ym\u00e4l\u00e4<\/li>\n<li>Hyv\u00e4t laiturit<\/li>\n<\/ul>\n<\/li>\n<\/ul>\n<p>L\u00f6yd\u00e4t n\u00e4ilt\u00e4 sivuilta kaiken oleellisen tiedon yhdistyksen historiasta, toiminnasta ja tapahtumista. Tervetuloa mukaan toimintaan! <a title=\"Seuramaksut\" href=\"https:\/\/www.porinveneilijat.fi\/?page_id=121\">Liity j\u00e4seneksi<\/a>.<\/p>\n<h3><a href=\"https:\/\/www.fiola.fi\/asiakaskauppa\/?a=300369\"><strong>Verkkokauppa<\/strong><\/a><\/h3>\n<p>HUOM! J\u00e4senille. Voimme tarjota yhteisty\u00f6ss\u00e4 Fiolan kanssa vaatteita Porin veneilij\u00f6iden logolla ja omalla nimell\u00e4si. Tutustu verkkokauppaan <a href=\"https:\/\/www.fiola.fi\/asiakaskauppa\/?a=300369\">t\u00e4st\u00e4<\/a>.<\/p>\n<div class=\"csRow\">\n<div class=\"csColumnGap\" style=\"margin: 0px; padding: 0px; float: left; width: 1.56%;\"><img decoding=\"async\" style=\"border: none;\" src=\"https:\/\/www.porinveneilijat.fi\/wp-content\/plugins\/advanced-wp-columns\/assets\/js\/plugins\/views\/img\/1x1-pixel.png\" alt=\"\" \/><\/div>\n<div class=\"csColumn\" style=\"margin: 0px; padding: 0px; float: left; width: 33.9%;\" data-csid=\"37404e78-436b-a0c6-8c93-c50421aefe99\" data-cswidth=\"33.9%\" data-csendpoint=\"340\" data-csstartpoint=\"15\">\n<h2 style=\"text-align: center;\"><strong>S\u00e4\u00e4tietoja<\/strong><\/h2>\n<ul>\n<li style=\"text-align: left;\"><strong><a href=\"https:\/\/www.windy.com\/\" target=\"_blank\" rel=\"noopener\">Windy tuulet kartalla<\/a><\/strong><\/li>\n<li><strong><a href=\"https:\/\/yle.fi\/aihe\/tekstitv?P=403\">S\u00e4\u00e4 merell\u00e4<\/a><\/strong><\/li>\n<li style=\"text-align: left;\"><a title=\"S\u00e4\u00e4 rannikkoasemilla\" href=\"https:\/\/yle.fi\/aihe\/tekstitv?P=404\" target=\"_blank\" rel=\"noopener noreferrer\"><strong>S\u00e4\u00e4 rannikkoasemilla<\/strong><\/a><\/li>\n<li style=\"text-align: left;\"><a title=\"T\u00e4sm\u00e4s\u00e4\u00e4 Pori\" href=\"http:\/\/ilmatieteenlaitos.fi\/saa\/pori\" target=\"_blank\" rel=\"noopener noreferrer\"><strong>T\u00e4sm\u00e4s\u00e4\u00e4 Pori<\/strong><\/a><\/li>\n<li style=\"text-align: left;\"><a title=\"Ilmatieteenlaitos\" href=\"http:\/\/ilmatieteenlaitos.fi\/\" target=\"_blank\" rel=\"noopener noreferrer\"><strong>Ilmatieteenlaitos<\/strong><\/a><\/li>\n<li style=\"text-align: left;\"><a title=\"Foreca\" href=\"http:\/\/www.foreca.fi\" target=\"_blank\" rel=\"noopener noreferrer\"><strong>Foreca<\/strong><\/a><\/li>\n<\/ul>\n<\/div>\n<div class=\"csColumnGap\" style=\"margin: 0px; padding: 0px; float: left; width: 1.46%;\"><img decoding=\"async\" style=\"border: none;\" src=\"https:\/\/www.porinveneilijat.fi\/wp-content\/plugins\/advanced-wp-columns\/assets\/js\/plugins\/views\/img\/1x1-pixel.png\" alt=\"\" \/><\/div>\n<div class=\"csColumn\" style=\"margin: 0px; padding: 0px; float: left; width: 61.6%;\" align=\"right\" data-csid=\"4bbd01d2-6e79-5413-b1d0-cc57dbd618a9\" data-cswidth=\"61.6%\" data-csendpoint=\"945\" data-csstartpoint=\"354\">\n<p><iframe loading=\"lazy\" src=\"http:\/\/forecabox.foreca.com\/get\/40145\" width=\"300\" height=\"250\" frameborder=\"0\" marginwidth=\"0\" marginheight=\"0\" scrolling=\"no\"><\/iframe><\/p>\n<\/div>\n<div class=\"csColumnGap\" style=\"margin: 0px; padding: 0px; float: left; width: 1.56%;\"><img decoding=\"async\" style=\"border: none;\" src=\"https:\/\/www.porinveneilijat.fi\/wp-content\/plugins\/advanced-wp-columns\/assets\/js\/plugins\/views\/img\/1x1-pixel.png\" alt=\"\" \/><\/div>\n<div style=\"clear: both; float: none; display: block; visibility: hidden; width: 0px; font-size: 0px; line-height: 0;\"><\/div>\n<\/div>\n","protected":false},"excerpt":{"rendered":"<p>TIEDOTTEITA Toimintakalenteri 2026 Talvitiedote 2026 Huomioikaa muutos toimintakalenterissa Gummandooran veneseurojen yhteistapaamisen p\u00e4iv\u00e4m\u00e4\u00e4r\u00e4ss\u00e4. Lippuja ja viirej\u00e4 voit kysell\u00e4 Jarmo Tuomiselta, muita j\u00e4sentuotteita voit ostaa Fiolan verkkokaupasta. Tervetuloa Porin veneilij\u00f6iden kotisivuille. Olemme Porissa toimiva TUL:n alainen veneilyseura. Katso video Huhtakarista. Seuramme palveluita Satamalaituri Reposaaressa Kappelin salmessa. Veneiden katsastus Tukikohta saaressa, jossa Sauna Katetut Grillit Maas\u00e4hk\u00f6 K\u00e4ym\u00e4l\u00e4 Hyv\u00e4t [&hellip;]<\/p>\n","protected":false},"author":1,"featured_media":0,"parent":0,"menu_order":0,"comment_status":"closed","ping_status":"open","template":"page-cs.php","meta":{"footnotes":""},"class_list":["post-104","page","type-page","status-publish","hentry"],"_links":{"self":[{"href":"https:\/\/www.porinveneilijat.fi\/index.php?rest_route=\/wp\/v2\/pages\/104","targetHints":{"allow":["GET"]}}],"collection":[{"href":"https:\/\/www.porinveneilijat.fi\/index.php?rest_route=\/wp\/v2\/pages"}],"about":[{"href":"https:\/\/www.porinveneilijat.fi\/index.php?rest_route=\/wp\/v2\/types\/page"}],"author":[{"embeddable":true,"href":"https:\/\/www.porinveneilijat.fi\/index.php?rest_route=\/wp\/v2\/users\/1"}],"replies":[{"embeddable":true,"href":"https:\/\/www.porinveneilijat.fi\/index.php?rest_route=%2Fwp%2Fv2%2Fcomments&post=104"}],"version-history":[{"count":43,"href":"https:\/\/www.porinveneilijat.fi\/index.php?rest_route=\/wp\/v2\/pages\/104\/revisions"}],"predecessor-version":[{"id":868,"href":"https:\/\/www.porinveneilijat.fi\/index.php?rest_route=\/wp\/v2\/pages\/104\/revisions\/868"}],"wp:attachment":[{"href":"https:\/\/www.porinveneilijat.fi\/index.php?rest_route=%2Fwp%2Fv2%2Fmedia&parent=104"}],"curies":[{"name":"wp","href":"https:\/\/api.w.org\/{rel}","templated":true}]}}