{"id":121,"date":"2015-03-23T09:42:49","date_gmt":"2015-03-23T09:42:49","guid":{"rendered":"http:\/\/www.porinveneilijat.fi\/?page_id=121"},"modified":"2025-03-07T09:09:10","modified_gmt":"2025-03-07T07:09:10","slug":"seuramaksut","status":"publish","type":"page","link":"http:\/\/www.porinveneilijat.fi\/?page_id=121","title":{"rendered":"J\u00e4senyys"},"content":{"rendered":"<p><strong><a href=\"http:\/\/www.porinveneilijat.fi\/wp-content\/uploads\/2016\/03\/J%C3%A4senhakemus.pdf\" target=\"_blank\" rel=\"noopener noreferrer\">\u00a0Tulostettava j\u00e4senhakemus<\/a><\/strong><\/p>\n<h1><strong><span style=\"color: #0000ff;\">J\u00e4senmaksut<\/span><\/strong><\/h1>\n<p><strong>Liittymismaksut<\/strong><\/p>\n<ul>\n<li>P\u00e4\u00e4j\u00e4sen<strong> \u00a0120\u20ac<\/strong><\/li>\n<li>Puoliso<strong> 15\u20ac<\/strong><\/li>\n<li>Alle 18v lapset<strong> 0\u20ac<br \/><\/strong><\/li>\n<\/ul>\n<p><strong>Vuosittaiset j\u00e4senmaksut<br \/><\/strong><\/p>\n<ul>\n<li>P\u00e4\u00e4j\u00e4sen\u00a0<strong>35\u20ac<\/strong><\/li>\n<li>Puoliso<strong> 15\u20ac<\/strong><\/li>\n<li>Alle 18v lapset<strong> 0\u20ac<\/strong><\/li>\n<\/ul>\n<p><em>J\u00e4senmaksuja ei perit\u00e4 liittymisvuonna, koska ne sis\u00e4ltyv\u00e4t liittymismaksuun.<\/em><\/p>\n<h1><span style=\"color: #0000ff;\"><strong>Muut maksut<\/strong><\/span><\/h1>\n<p><strong>Huhtakarin s\u00e4hk\u00f6 maksut<\/strong><\/p>\n<ul>\n<li>Vuorokausi<strong> 4\u20ac<\/strong><\/li>\n<li>Koko vuosi<strong> 40\u20ac<\/strong><\/li>\n<\/ul>\n<p><strong>Veneen katsastusmaksut<\/strong><\/p>\n<ul>\n<li>Katsastusmaksu<strong> 15\u20ac<\/strong><\/li>\n<li>Runkokatsastus (viiden vuoden v\u00e4lein)<strong>\u00a015\u20ac<\/strong><\/li>\n<li>Kulukorvaus<strong> 10\u20ac<\/strong><\/li>\n<\/ul>\n<p><strong>Huhtakarin sauna<\/strong><\/p>\n<ul>\n<li>Kertamaksu yli 18-vuotialta<strong> 2\u20ac<\/strong><\/li>\n<li>Vuosimaksu venekunta<strong> 20\u20ac<\/strong><\/li>\n<\/ul>\n<p><strong>Merikappeli<\/strong><\/p>\n<p><span style=\"text-decoration: underline;\"> laituripaikkamaksut<\/span><\/p>\n<ul>\n<li>Veneen pituus alle 6m<strong> 100\u20ac<\/strong><\/li>\n<li>Veneen pituus 6-9m<strong> 120\u20ac<\/strong><\/li>\n<li>Veneen pituus yli 9m<strong> 130\u20ac<\/strong><\/li>\n<\/ul>\n<p><span style=\"text-decoration: underline;\">traileripaikkamaksut<\/span><\/p>\n<ul>\n<li>per\u00e4k\u00e4rrytraileri <strong>30\u20ac<\/strong><\/li>\n<\/ul>\n<p><em>Laituripaikkoja voi tiedustella satamamestarilta<\/em><\/p>\n<blockquote>\n<p><strong>Maksut seuran tilille: FI78 5542 5440 0291 82<\/strong><\/p>\n<\/blockquote>\n<p><strong>Muuta<\/strong><br \/><span style=\"font-size: inherit;\">Seuran j\u00e4senill\u00e4 mahdollisuus vuokrata <\/span><a style=\"font-size: inherit;\" href=\"http:\/\/www.porinveneilijat.fi\/?page_id=668\" data-wplink-edit=\"true\">suurtalouskahvinkeitint\u00e4<\/a><span style=\"font-size: inherit;\"> kaikenlaisiin tilaisuuksiin 10\u20ac\/kerta. Varaukset ja tiedustelut Satu Heinolselta puh. 041 811 4456.<\/span><\/p>\n<p><span style=\"line-height: 1.6;\">\n\n<!-- Fast Secure Contact Form plugin 4.0.52 - begin - FastSecureContactForm.com -->\r\n<div style=\"clear:both;\"><\/div>\n<h1><span style=\"color: #0000ff;\"><strong>Porin Veneilij\u00e4t Ry J\u00e4senhakemus<\/strong><\/span><\/h1>\r\n<div id=\"FSContact1\" style=\"width:99%; max-width:555px;\">\r\n<form action=\"http:\/\/www.porinveneilijat.fi\/index.php?rest_route=%2Fwp%2Fv2%2Fpages%2F121#FSContact1\" id=\"fscf_form1\" method=\"post\">\r\n\n<div id=\"fscf_required1\">\n  <span style=\"text-align:left;\">*<\/span> <span style=\"text-align:left;\">pakollinen kentt\u00e4<\/span>\n<\/div>\n\n\n<div id=\"fscf_div_clear1_0\" style=\"clear:both;\">\n  <div id=\"fscf_div_field1_0\" style=\"clear:left; float:left; width:99%; max-width:550px; margin-right:10px;\">\r\n    <div style=\"text-align:left; padding-top:5px;\">\n      <label style=\"text-align:left;\" for=\"fscf_name1\">Nimi<span style=\"text-align:left;\">*<\/span><\/label>\n    <\/div>\r\n    <div style=\"text-align:left;\">\r\n      <input style=\"text-align:left; margin:0; width:99%; max-width:250px;\" type=\"text\" id=\"fscf_name1\" name=\"full_name\" value=\"\"  \/>\r\n    <\/div>\r\n  <\/div>\n<\/div>\n\n<div id=\"fscf_div_clear1_4\" style=\"clear:both;\">\n  <div id=\"fscf_div_field1_4\" style=\"clear:left; float:left; width:99%; max-width:550px; margin-right:10px;\">\n    <div  id=\"fscf_label1_4\" style=\"text-align:left; padding-top:5px;\">\r\n      <label style=\"text-align:left;\" for=\"fscf_field1_4\">Syntym\u00e4aika<\/label>\n    <\/div>\n    <div style=\"text-align:left;\">\n      <input style=\"text-align:left; margin:0; width:99%; max-width:250px;\" type=\"text\" id=\"fscf_field1_4\" name=\"Syntymaaika\" value=\"dd.mm.yyyy\"  size=\"15\"  \/>\n    <\/div>\n  <\/div>\n<\/div>\n\n<div id=\"fscf_div_clear1_1\" style=\"clear:both;\">\n  <div id=\"fscf_div_field1_1\" style=\"clear:left; float:left; width:99%; max-width:550px; margin-right:10px;\">\n    <div style=\"text-align:left; padding-top:5px;\">\n      <label style=\"text-align:left;\" for=\"fscf_email1\">S\u00e4hk\u00f6posti<span style=\"text-align:left;\">*<\/span><\/label>\n    <\/div>\n    <div style=\"text-align:left;\">\n      <input style=\"text-align:left; margin:0; width:99%; max-width:250px;\" type=\"text\" id=\"fscf_email1\" name=\"email\" value=\"\"  \/>\n    <\/div>\n  <\/div>\n<\/div>\n\n<div id=\"fscf_div_clear1_5\" style=\"clear:both;\">\n  <div id=\"fscf_div_field1_5\" style=\"clear:left; float:left; width:99%; max-width:550px; margin-right:10px;\">\n    <div  id=\"fscf_label1_5\" style=\"text-align:left; padding-top:5px;\">\r\n      <label style=\"text-align:left;\" for=\"fscf_field1_5\">Osoite<\/label>\n    <\/div>\n    <div style=\"text-align:left;\">\n      <input style=\"text-align:left; margin:0; width:99%; max-width:250px;\" type=\"text\" id=\"fscf_field1_5\" name=\"Osoite\" value=\"\"  \/>\n    <\/div>\n  <\/div>\n<\/div>\n\n<div id=\"fscf_div_clear1_6\" style=\"clear:both;\">\n  <div id=\"fscf_div_field1_6\" style=\"clear:left; float:left; width:99%; max-width:550px; margin-right:10px;\">\n    <div  id=\"fscf_label1_6\" style=\"text-align:left; padding-top:5px;\">\r\n      <label style=\"text-align:left;\" for=\"fscf_field1_6\">Postinumero<\/label>\n    <\/div>\n    <div style=\"text-align:left;\">\n      <input style=\"text-align:left; margin:0; width:99%; max-width:250px;\" type=\"text\" id=\"fscf_field1_6\" name=\"Postinumero\" value=\"\"  maxlength=\"6\" \/>\n    <\/div>\n  <\/div>\n<\/div>\n\n<div id=\"fscf_div_clear1_7\" style=\"clear:both;\">\n  <div id=\"fscf_div_field1_7\" style=\"clear:left; float:left; width:99%; max-width:550px; margin-right:10px;\">\n    <div  id=\"fscf_label1_7\" style=\"text-align:left; padding-top:5px;\">\r\n      <label style=\"text-align:left;\" for=\"fscf_field1_7\">Postitoimipaikka<\/label>\n    <\/div>\n    <div style=\"text-align:left;\">\n      <input style=\"text-align:left; margin:0; width:99%; max-width:250px;\" type=\"text\" id=\"fscf_field1_7\" name=\"Postitoimipaikka\" value=\"\"  \/>\n    <\/div>\n  <\/div>\n<\/div>\n\n<div id=\"fscf_div_clear1_8\" style=\"clear:both;\">\n  <div id=\"fscf_div_field1_8\" style=\"clear:left; float:left; width:99%; max-width:550px; margin-right:10px;\">\n    <div  id=\"fscf_label1_8\" style=\"text-align:left; padding-top:5px;\">\r\n      <label style=\"text-align:left;\" for=\"fscf_field1_8\">Puhelin<\/label>\n    <\/div>\n    <div style=\"text-align:left;\">\n      <input style=\"text-align:left; margin:0; width:99%; max-width:250px;\" type=\"text\" id=\"fscf_field1_8\" name=\"Puhelin\" value=\"\"  maxlength=\"20\" \/>\n    <\/div>\n  <\/div>\n<\/div>\n\n<div id=\"fscf_div_clear1_9\" style=\"clear:both;\">\n  <div id=\"fscf_div_field1_9\" style=\"clear:left; float:left; width:99%; max-width:550px; margin-right:10px;\">\n\n    <div style=\"clear:both;\"><\/div>\n<br\/><h2><strong>Puoliso<\/strong><\/span><\/h2>\n\n    <div  id=\"fscf_label1_9\" style=\"text-align:left; padding-top:5px;\">\r\n      <label style=\"text-align:left;\" for=\"fscf_field1_9\">Puolison etunimi<\/label>\n    <\/div>\n    <div style=\"text-align:left;\">\n      <input style=\"text-align:left; margin:0; width:99%; max-width:250px;\" type=\"text\" id=\"fscf_field1_9\" name=\"Puolisonnnimi\" value=\"\"  \/>\n    <\/div>\n  <\/div>\n<\/div>\n\n<div id=\"fscf_div_clear1_10\" style=\"clear:both;\">\n  <div id=\"fscf_div_field1_10\" style=\"clear:left; float:left; width:99%; max-width:550px; margin-right:10px;\">\n    <div  id=\"fscf_label1_10\" style=\"text-align:left; padding-top:5px;\">\r\n      <label style=\"text-align:left;\" for=\"fscf_field1_10\">Puolison sukunimi<\/label>\n    <\/div>\n    <div style=\"text-align:left;\">\n      <input style=\"text-align:left; margin:0; width:99%; max-width:250px;\" type=\"text\" id=\"fscf_field1_10\" name=\"puolisonsukunimi\" value=\"\"  \/>\n    <\/div>\n  <\/div>\n<\/div>\n\n<div id=\"fscf_div_clear1_11\" style=\"clear:both;\">\n  <div id=\"fscf_div_field1_11\" style=\"clear:left; float:left; width:99%; max-width:550px; margin-right:10px;\">\n    <div  id=\"fscf_label1_11\" style=\"text-align:left; padding-top:5px;\">\r\n      <label style=\"text-align:left;\" for=\"fscf_field1_11\">Puolison syntym\u00e4aika<\/label>\n    <\/div>\n    <div style=\"text-align:left;\">\n      <input style=\"text-align:left; margin:0; width:99%; max-width:250px;\" type=\"text\" id=\"fscf_field1_11\" name=\"puolisonsyntymaaika\" value=\"dd.mm.yyyy\"  size=\"15\"  \/>\n    <\/div>\n  <\/div>\n<\/div>\n\n<div id=\"fscf_div_clear1_12\" style=\"clear:both;\">\n  <div id=\"fscf_div_field1_12\" style=\"clear:left; float:left; width:99%; max-width:550px; margin-right:10px;\">\n\n    <div style=\"clear:both;\"><\/div>\n<br\/><h2><strong>Lapset<\/strong><\/span><\/h2>\n\n    <div  id=\"fscf_label1_12\" style=\"text-align:left; padding-top:5px;\">\r\n      <label style=\"text-align:left;\" for=\"fscf_field1_12\">1. Nimi<\/label>\n    <\/div>\n    <div style=\"text-align:left;\">\n      <input style=\"text-align:left; margin:0; width:99%; max-width:250px;\" type=\"text\" id=\"fscf_field1_12\" name=\"lapsi1nimi\" value=\"\"  \/>\n    <\/div>\n  <\/div>\n<\/div>\n\n<div id=\"fscf_div_clear1_13\" style=\"clear:both;\">\n  <div id=\"fscf_div_field1_13\" style=\"clear:left; float:left; width:99%; max-width:550px; margin-right:10px;\">\n    <div  id=\"fscf_label1_13\" style=\"text-align:left; padding-top:5px;\">\r\n      <label style=\"text-align:left;\" for=\"fscf_field1_13\">1. Syntym\u00e4aika<\/label>\n    <\/div>\n    <div style=\"text-align:left;\">\n      <input style=\"text-align:left; margin:0; width:99%; max-width:250px;\" type=\"text\" id=\"fscf_field1_13\" name=\"lapsi1syntymaaika\" value=\"dd.mm.yyyy\"  size=\"15\"  \/>\n    <\/div>\n  <\/div>\n<\/div>\n\n<div id=\"fscf_div_clear1_14\" style=\"clear:both;\">\n  <div id=\"fscf_div_field1_14\" style=\"clear:left; float:left; width:99%; max-width:550px; margin-right:10px;\">\n    <div  id=\"fscf_label1_14\" style=\"text-align:left; padding-top:5px;\">\r\n      <label style=\"text-align:left;\" for=\"fscf_field1_14\">2. Nimi<\/label>\n    <\/div>\n    <div style=\"text-align:left;\">\n      <input style=\"text-align:left; margin:0; width:99%; max-width:250px;\" type=\"text\" id=\"fscf_field1_14\" name=\"lapsi2nimi\" value=\"\"  \/>\n    <\/div>\n  <\/div>\n<\/div>\n\n<div id=\"fscf_div_clear1_15\" style=\"clear:both;\">\n  <div id=\"fscf_div_field1_15\" style=\"clear:left; float:left; width:99%; max-width:550px; margin-right:10px;\">\n    <div  id=\"fscf_label1_15\" style=\"text-align:left; padding-top:5px;\">\r\n      <label style=\"text-align:left;\" for=\"fscf_field1_15\">2. Syntym\u00e4aika<\/label>\n    <\/div>\n    <div style=\"text-align:left;\">\n      <input style=\"text-align:left; margin:0; width:99%; max-width:250px;\" type=\"text\" id=\"fscf_field1_15\" name=\"lapsi2syntymaaika\" value=\"dd.mm.yyyy\"  size=\"15\"  \/>\n    <\/div>\n  <\/div>\n<\/div>\n\n<div id=\"fscf_div_clear1_16\" style=\"clear:both;\">\n  <div id=\"fscf_div_field1_16\" style=\"clear:left; float:left; width:99%; max-width:550px; margin-right:10px;\">\n    <div  id=\"fscf_label1_16\" style=\"text-align:left; padding-top:5px;\">\r\n      <label style=\"text-align:left;\" for=\"fscf_field1_16\">3. Nimi<\/label>\n    <\/div>\n    <div style=\"text-align:left;\">\n      <input style=\"text-align:left; margin:0; width:99%; max-width:250px;\" type=\"text\" id=\"fscf_field1_16\" name=\"lapsi3nimi\" value=\"\"  \/>\n    <\/div>\n  <\/div>\n<\/div>\n\n<div id=\"fscf_div_clear1_17\" style=\"clear:both;\">\n  <div id=\"fscf_div_field1_17\" style=\"clear:left; float:left; width:99%; max-width:550px; margin-right:10px;\">\n    <div  id=\"fscf_label1_17\" style=\"text-align:left; padding-top:5px;\">\r\n      <label style=\"text-align:left;\" for=\"fscf_field1_17\">3. Syntym\u00e4aika<\/label>\n    <\/div>\n    <div style=\"text-align:left;\">\n      <input style=\"text-align:left; margin:0; width:99%; max-width:250px;\" type=\"text\" id=\"fscf_field1_17\" name=\"lapsi3syntymaaika\" value=\"dd.mm.yyyy\"  size=\"15\"  \/>\n    <\/div>\n  <\/div>\n<\/div>\n\n<div id=\"fscf_div_clear1_18\" style=\"clear:both;\">\n  <div id=\"fscf_div_field1_18\" style=\"clear:left; float:left; width:99%; max-width:550px; margin-right:10px;\">\n    <div  id=\"fscf_label1_18\" style=\"text-align:left; padding-top:5px;\">\n    <\/div>\n    <div style=\"text-align:left;\">\n      <span><input type=\"checkbox\" style=\"width:13px;\" id=\"fscf_field1_18\" name=\"Hyvaksyn-etta-tietoni-tallennetaan-yhdis\" value=\"1\" \/> <label style=\"display:inline;\" for=\"fscf_field1_18\">Hyv\u00e4ksyn ett\u00e4 tietoni tallennetaan yhdistyksen j\u00e4senrekisteriin<span style=\"text-align:left;\">*<\/span><\/label><\/span>\n    <\/div>\n  <\/div>\n<\/div>\n\n<div id=\"fscf_div_clear1_19\" style=\"clear:both;\">\n  <div id=\"fscf_div_field1_19\" style=\"clear:left; float:left; width:99%; max-width:550px; margin-right:10px;\">\n\n    <div style=\"clear:both;\"><\/div>\n<br\/>\r\nJos haet samalla venepaikkaa t\u00e4yt\u00e4 my\u00f6s v\u00e4hint\u00e4\u00e4n veneen pituus\r\n<br\/>\r\n\r\n<h2><strong>Veneen tiedot<\/strong><\/span><\/h2>\n\n    <div  id=\"fscf_label1_19\" style=\"text-align:left; padding-top:5px;\">\r\n      <label style=\"text-align:left;\" for=\"fscf_field1_19\">Pituus<\/label>\n    <\/div>\n    <div style=\"text-align:left;\">\n      <input style=\"text-align:left; margin:0; width:99%; max-width:250px;\" type=\"text\" id=\"fscf_field1_19\" name=\"Vene-pituus\" value=\"\"  maxlength=\"5\" \/>\n    <\/div>\n  <\/div>\n<\/div>\n\n<div id=\"fscf_div_clear1_20\" style=\"clear:both;\">\n  <div id=\"fscf_div_field1_20\" style=\"clear:left; float:left; width:99%; max-width:550px; margin-right:10px;\">\n    <div  id=\"fscf_label1_20\" style=\"text-align:left; padding-top:5px;\">\r\n      <label style=\"text-align:left;\" for=\"fscf_field1_20\">Nimi<\/label>\n    <\/div>\n    <div style=\"text-align:left;\">\n      <input style=\"text-align:left; margin:0; width:99%; max-width:250px;\" type=\"text\" id=\"fscf_field1_20\" name=\"Nimi\" value=\"\"  maxlength=\"50\" \/>\n    <\/div>\n  <\/div>\n<\/div>\n\n<div id=\"fscf_div_clear1_21\" style=\"clear:both;\">\n  <div id=\"fscf_div_field1_21\" style=\"clear:left; float:left; width:99%; max-width:550px; margin-right:10px;\">\n    <div  id=\"fscf_label1_21\" style=\"text-align:left; padding-top:5px;\">\r\n      <label style=\"text-align:left;\" for=\"fscf_field1_21\">Rekisterinumero<\/label>\n    <\/div>\n    <div style=\"text-align:left;\">\n      <input style=\"text-align:left; margin:0; width:99%; max-width:250px;\" type=\"text\" id=\"fscf_field1_21\" name=\"Rekisterinumero\" value=\"\"  maxlength=\"20\" \/>\n    <\/div>\n  <\/div>\n<\/div>\n\n<div id=\"fscf_div_clear1_22\" style=\"clear:both;\">\n  <div id=\"fscf_div_field1_22\" style=\"clear:left; float:left; width:99%; max-width:550px; margin-right:10px;\">\n    <div  id=\"fscf_label1_22\" style=\"text-align:left; padding-top:5px;\">\r\n      <label style=\"text-align:left;\" for=\"fscf_field1_22\">Muuta<\/label>\n    <\/div>\n    <div style=\"text-align:left;\">\n      <textarea style=\"text-align:left; margin:0; width:99%; max-width:250px; height:120px;\" id=\"fscf_field1_22\" name=\"Muuta\" cols=\"30\" rows=\"10\" ><\/textarea>\n    <\/div>\n  <\/div>\n<\/div>\r\n<div style=\"clear:both;\"><\/div>\n\n<div id=\"fscf_submit_div1\" style=\"text-align:left; clear:both; padding-top:15px;\">\r\n\t\t<input type=\"submit\" id=\"fscf_submit1\" style=\"cursor:pointer; margin:0;\" value=\"L&auml;het&auml;\"  onclick=\"this.disabled=true; this.value='L\u00e4hett\u00e4\u00e4...'; this.form.submit();\" \/> \n<\/div>\n\n<input type=\"hidden\" name=\"fscf_submitted\" value=\"0\" \/>\n<input type=\"hidden\" name=\"fs_postonce_1\" value=\"d088d6eae3c89e78760c61aac44aad0f,1776301539\" \/>\n<input type=\"hidden\" name=\"si_contact_action\" value=\"send\" \/>\n<input type=\"hidden\" name=\"form_id\" value=\"1\" \/>\n<input type=\"hidden\" name=\"mailto_id\" value=\"1\" \/>\n\n<\/form>\n<\/div>\r\n<div style=\"clear:both;\"><\/div>\n\n<!-- Fast Secure Contact Form plugin 4.0.52 - end - FastSecureContactForm.com -->\n<\/span><\/p>\n\n\n<p><\/p>\n","protected":false},"excerpt":{"rendered":"<p>\u00a0Tulostettava j\u00e4senhakemus J\u00e4senmaksut Liittymismaksut P\u00e4\u00e4j\u00e4sen \u00a0120\u20ac Puoliso 15\u20ac Alle 18v lapset 0\u20ac Vuosittaiset j\u00e4senmaksut P\u00e4\u00e4j\u00e4sen\u00a035\u20ac Puoliso 15\u20ac Alle 18v lapset 0\u20ac J\u00e4senmaksuja ei perit\u00e4 liittymisvuonna, koska ne sis\u00e4ltyv\u00e4t liittymismaksuun. Muut maksut Huhtakarin s\u00e4hk\u00f6 maksut Vuorokausi 4\u20ac Koko vuosi 40\u20ac Veneen katsastusmaksut Katsastusmaksu 15\u20ac Runkokatsastus (viiden vuoden v\u00e4lein)\u00a015\u20ac Kulukorvaus 10\u20ac Huhtakarin sauna Kertamaksu yli 18-vuotialta 2\u20ac [&hellip;]<\/p>\n","protected":false},"author":1,"featured_media":0,"parent":0,"menu_order":3,"comment_status":"closed","ping_status":"open","template":"","meta":{"footnotes":""},"class_list":["post-121","page","type-page","status-publish","hentry"],"_links":{"self":[{"href":"http:\/\/www.porinveneilijat.fi\/index.php?rest_route=\/wp\/v2\/pages\/121","targetHints":{"allow":["GET"]}}],"collection":[{"href":"http:\/\/www.porinveneilijat.fi\/index.php?rest_route=\/wp\/v2\/pages"}],"about":[{"href":"http:\/\/www.porinveneilijat.fi\/index.php?rest_route=\/wp\/v2\/types\/page"}],"author":[{"embeddable":true,"href":"http:\/\/www.porinveneilijat.fi\/index.php?rest_route=\/wp\/v2\/users\/1"}],"replies":[{"embeddable":true,"href":"http:\/\/www.porinveneilijat.fi\/index.php?rest_route=%2Fwp%2Fv2%2Fcomments&post=121"}],"version-history":[{"count":21,"href":"http:\/\/www.porinveneilijat.fi\/index.php?rest_route=\/wp\/v2\/pages\/121\/revisions"}],"predecessor-version":[{"id":829,"href":"http:\/\/www.porinveneilijat.fi\/index.php?rest_route=\/wp\/v2\/pages\/121\/revisions\/829"}],"wp:attachment":[{"href":"http:\/\/www.porinveneilijat.fi\/index.php?rest_route=%2Fwp%2Fv2%2Fmedia&parent=121"}],"curies":[{"name":"wp","href":"https:\/\/api.w.org\/{rel}","templated":true}]}}