{"id":111,"date":"2015-03-23T09:25:29","date_gmt":"2015-03-23T09:25:29","guid":{"rendered":"http:\/\/www.porinveneilijat.fi\/?page_id=111"},"modified":"2015-03-23T09:35:55","modified_gmt":"2015-03-23T09:35:55","slug":"laiturit","status":"publish","type":"page","link":"http:\/\/www.porinveneilijat.fi\/?page_id=111","title":{"rendered":"Laiturit"},"content":{"rendered":"<div class=\"csRow\">\n<div class=\"csColumnGap\" style=\"margin: 0px; padding: 0px; float: left; width: 1.56%;\"><strong><img decoding=\"async\" style=\"border: none;\" src=\"http:\/\/www.porinveneilijat.fi\/wp-content\/plugins\/advanced-wp-columns\/assets\/js\/plugins\/views\/img\/1x1-pixel.png\" alt=\"\" \/><\/strong><\/div>\n<div class=\"csColumn\" style=\"margin: 0px; padding: 0px; float: left; width: 47.7%;\" data-csstartpoint=\"15\" data-csendpoint=\"472.5\" data-cswidth=\"47.7%\" data-csid=\"23e72a28-b267-8beb-b894-8b6f7fba9515\">\n<p><strong>Pienvenelaituri<\/strong><\/p>\n<div id=\"attachment_47\" style=\"width: 210px\" class=\"wp-caption alignnone\"><a href=\"http:\/\/www.porinveneilijat.fi\/wp-content\/uploads\/2015\/03\/pienvenee.jpg\"><img loading=\"lazy\" decoding=\"async\" aria-describedby=\"caption-attachment-47\" class=\"size-full wp-image-47\" src=\"http:\/\/www.porinveneilijat.fi\/wp-content\/uploads\/2015\/03\/pienvenee.jpg\" alt=\"Pienvenelaituri\" width=\"200\" height=\"150\" \/><\/a><p id=\"caption-attachment-47\" class=\"wp-caption-text\">Pienvene laituri on p\u00e4\u00e4s\u00e4\u00e4nt\u00f6isesti tarkoitettu seuran jollien sek\u00e4 l\u00e4\u00e4pi paattien s\u00e4ilytykseen pienvene laituri sijaitsee Laguunissa<\/p><\/div>\n<p>&nbsp;<\/p>\n<p><strong>Laguuni<\/strong><\/p>\n<div id=\"attachment_43\" style=\"width: 210px\" class=\"wp-caption alignnone\"><a href=\"http:\/\/www.porinveneilijat.fi\/wp-content\/uploads\/2015\/03\/mummula.png\"><img loading=\"lazy\" decoding=\"async\" aria-describedby=\"caption-attachment-43\" class=\"size-full wp-image-43\" src=\"http:\/\/www.porinveneilijat.fi\/wp-content\/uploads\/2015\/03\/mummula.png\" alt=\"Laguuni\" width=\"200\" height=\"150\" \/><\/a><p id=\"caption-attachment-43\" class=\"wp-caption-text\">Laguuni sijaitsee saaren it\u00e4puolella poukamassa suojaisassa paikassa, laituri paikkoja noin 20kpl paikka soveltuu hieman pienemmille veneille koska syv\u00e4ys laguuniin on vain noin metrin luokkaa.<\/p><\/div>\n<p>&nbsp;<\/p>\n<p><strong>Kalanperkuulaituri<\/strong><\/p>\n<div id=\"attachment_27\" style=\"width: 210px\" class=\"wp-caption alignnone\"><a href=\"http:\/\/www.porinveneilijat.fi\/wp-content\/uploads\/2015\/03\/kalanperkuue.jpg\"><img loading=\"lazy\" decoding=\"async\" aria-describedby=\"caption-attachment-27\" class=\"size-full wp-image-27\" src=\"http:\/\/www.porinveneilijat.fi\/wp-content\/uploads\/2015\/03\/kalanperkuue.jpg\" alt=\"Kalanperkuulaituri on tarkoitettu verkkojen ja kalatarvikkeiden putsaukseen sek\u00e4 kalanperkuuseen, laiturilla painevesi j\u00e4rjestelm\u00e4\" width=\"200\" height=\"150\" \/><\/a><p id=\"caption-attachment-27\" class=\"wp-caption-text\">Kalanperkuulaituri on tarkoitettu verkkojen ja kalatarvikkeiden putsaukseen sek\u00e4 kalanperkuuseen, laiturilla painevesi j\u00e4rjestelm\u00e4<\/p><\/div>\n<p>&nbsp;<\/p>\n<\/div>\n<div class=\"csColumnGap\" style=\"margin: 0px; padding: 0px; float: left; width: 1.56%;\"><strong><img decoding=\"async\" style=\"border: none;\" src=\"http:\/\/www.porinveneilijat.fi\/wp-content\/plugins\/advanced-wp-columns\/assets\/js\/plugins\/views\/img\/1x1-pixel.png\" alt=\"\" \/><\/strong><\/div>\n<div class=\"csColumn\" style=\"margin: 0px; padding: 0px; float: left; width: 47.7%;\" data-csstartpoint=\"487.5\" data-csendpoint=\"945\" data-cswidth=\"47.7%\" data-csid=\"bfa8f130-56c8-8845-8adb-ea61889060cf\">\n<p><strong>Etel\u00e4laituri<\/strong><\/p>\n<div id=\"attachment_46\" style=\"width: 210px\" class=\"wp-caption alignnone\"><a href=\"http:\/\/www.porinveneilijat.fi\/wp-content\/uploads\/2015\/03\/nokka.png\"><img loading=\"lazy\" decoding=\"async\" aria-describedby=\"caption-attachment-46\" class=\"size-full wp-image-46\" src=\"http:\/\/www.porinveneilijat.fi\/wp-content\/uploads\/2015\/03\/nokka.png\" alt=\"Etel\u00e4laituri\" width=\"200\" height=\"150\" \/><\/a><p id=\"caption-attachment-46\" class=\"wp-caption-text\">Etel\u00e4laituri on saaren viimeisin laituri rakennelma. Laiturissa venepaikkoja noin 25kp ja laituri soveltuu isoille veneille tilan ja syv\u00e4yksen riitt\u00e4vyyden puolesta eritt\u00e4in hyvin.<\/p><\/div>\n<p>&nbsp;<\/p>\n<p><strong>L\u00e4nsilaituri<\/strong><\/p>\n<div id=\"attachment_39\" style=\"width: 210px\" class=\"wp-caption alignnone\"><a href=\"http:\/\/www.porinveneilijat.fi\/wp-content\/uploads\/2015\/03\/lansilaiturie.jpg\"><img loading=\"lazy\" decoding=\"async\" aria-describedby=\"caption-attachment-39\" class=\"size-full wp-image-39\" src=\"http:\/\/www.porinveneilijat.fi\/wp-content\/uploads\/2015\/03\/lansilaiturie.jpg\" alt=\"L\u00e4nsilaituri on saaren vanhin laituri joka on sittemmin peruskorjattu. Laiturissa venepaikkoja noin 10kp ja laituri soveltuu isoille veneille tilan ja syv\u00e4yksen riitt\u00e4vyyden puolesta eritt\u00e4in hyvin.\" width=\"200\" height=\"150\" \/><\/a><p id=\"caption-attachment-39\" class=\"wp-caption-text\">L\u00e4nsilaituri on saaren vanhin laituri joka on sittemmin peruskorjattu. Laiturissa venepaikkoja noin 10kp ja laituri soveltuu isoille veneille tilan ja syv\u00e4yksen riitt\u00e4vyyden puolesta eritt\u00e4in hyvin.<\/p><\/div>\n<p>&nbsp;<\/p>\n<p><strong>Uimalaituri<\/strong><\/p>\n<div id=\"attachment_60\" style=\"width: 210px\" class=\"wp-caption alignnone\"><a href=\"http:\/\/www.porinveneilijat.fi\/wp-content\/uploads\/2015\/03\/uimalaiturie.jpg\"><img loading=\"lazy\" decoding=\"async\" aria-describedby=\"caption-attachment-60\" class=\"wp-image-60 size-full\" src=\"http:\/\/www.porinveneilijat.fi\/wp-content\/uploads\/2015\/03\/uimalaiturie.jpg\" alt=\"Uimalaituri\" width=\"200\" height=\"150\" \/><\/a><p id=\"caption-attachment-60\" class=\"wp-caption-text\">Uimalaituri luonnollisesti sijaitsee saunanrannassa, jolloin saunasta on mukava pulahtaa veteen vilvoittelemaan.<\/p><\/div>\n<\/div>\n<\/div>\n<p>&nbsp;<\/p>\n","protected":false},"excerpt":{"rendered":"<p>Pienvenelaituri &nbsp; Laguuni &nbsp; Kalanperkuulaituri &nbsp; Etel\u00e4laituri &nbsp; L\u00e4nsilaituri &nbsp; Uimalaituri &nbsp;<\/p>\n","protected":false},"author":1,"featured_media":0,"parent":107,"menu_order":0,"comment_status":"closed","ping_status":"open","template":"","meta":{"footnotes":""},"class_list":["post-111","page","type-page","status-publish","hentry"],"_links":{"self":[{"href":"http:\/\/www.porinveneilijat.fi\/index.php?rest_route=\/wp\/v2\/pages\/111","targetHints":{"allow":["GET"]}}],"collection":[{"href":"http:\/\/www.porinveneilijat.fi\/index.php?rest_route=\/wp\/v2\/pages"}],"about":[{"href":"http:\/\/www.porinveneilijat.fi\/index.php?rest_route=\/wp\/v2\/types\/page"}],"author":[{"embeddable":true,"href":"http:\/\/www.porinveneilijat.fi\/index.php?rest_route=\/wp\/v2\/users\/1"}],"replies":[{"embeddable":true,"href":"http:\/\/www.porinveneilijat.fi\/index.php?rest_route=%2Fwp%2Fv2%2Fcomments&post=111"}],"version-history":[{"count":3,"href":"http:\/\/www.porinveneilijat.fi\/index.php?rest_route=\/wp\/v2\/pages\/111\/revisions"}],"predecessor-version":[{"id":114,"href":"http:\/\/www.porinveneilijat.fi\/index.php?rest_route=\/wp\/v2\/pages\/111\/revisions\/114"}],"up":[{"embeddable":true,"href":"http:\/\/www.porinveneilijat.fi\/index.php?rest_route=\/wp\/v2\/pages\/107"}],"wp:attachment":[{"href":"http:\/\/www.porinveneilijat.fi\/index.php?rest_route=%2Fwp%2Fv2%2Fmedia&parent=111"}],"curies":[{"name":"wp","href":"https:\/\/api.w.org\/{rel}","templated":true}]}}